{"id":11693,"date":"2024-07-23T22:57:13","date_gmt":"2024-07-23T20:57:13","guid":{"rendered":"https:\/\/harmonydance.cz\/contemporary-dance\/"},"modified":"2026-02-12T22:36:46","modified_gmt":"2026-02-12T21:36:46","slug":"contemporary-dance","status":"publish","type":"page","link":"https:\/\/harmonydance.cz\/en\/contemporary-dance\/","title":{"rendered":"Contemporary dance"},"content":{"rendered":"<div class=\"wpb-content-wrapper\"><p>[vc_row enable_arrows_animation=&#8221;no&#8221; parallax_background_image=&#8221;7800&#8243; css=&#8221;.vc_custom_1718099946236{padding-top: 75px !important;padding-bottom: 75px !important;background-image: url(https:\/\/harmonydance.cz\/wp-content\/uploads\/2024\/06\/UVODKA-FB.jpg?id=10304) !important;background-position: center !important;background-repeat: no-repeat !important;background-size: contain !important;}&#8221;][vc_column]<div class=\"eltdf-elements-holder eltdf-one-column eltdf-responsive-mode-768\" ><div class=\"eltdf-eh-item \"  data-item-class=\"eltdf-eh-custom-177424\" data-1280-1600=\"10% 46% 10% 8%\" data-1024-1280=\"11.5% 46% 11% 7%\" data-768-1024=\"17.5% 42% 20.5% 6%\" data-600-768=\"14% 18% 17% 10%\" data-480-600=\"12.5% 9% 16% 9%\" data-480=\"12.5% 9% 16% 9%\">\n\t<div class=\"eltdf-eh-item-inner\">\n\t\t<div class=\"eltdf-eh-item-content eltdf-eh-custom-177424\" style=\"padding: 8.5% 48% 6.5% 17%\">\n\t\t\t\t\t<\/div>\n\t<\/div>\n<\/div><\/div>[\/vc_column][\/vc_row][vc_row enable_arrows_animation=&#8221;no&#8221; css=&#8221;.vc_custom_1718100037971{padding-top: 30px !important;padding-bottom: 30px !important;}&#8221;][vc_column]<div class=\"eltdf-section-title-holder  eltdf-st-standard eltdf-st-title-left eltdf-st-normal-space  \" style=\"text-align: center\">\n\t<div class=\"eltdf-st-inner\">\n\t\t\t\t\t<h1 class=\"eltdf-st-title\" >\n\t\t\t\tContemporary dance - dance classes in Prague\t\t\t<\/h1>\n\t\t\t\t\t\t\t<h5 class=\"eltdf-st-text\" >\n\t\t\t\tTest text describing the page\t\t\t<\/h5>\n\t\t\t<\/div>\n<\/div>[\/vc_column][\/vc_row][vc_row gap=&#8221;10&#8243; equal_height=&#8221;yes&#8221; row_content_width=&#8221;grid&#8221; enable_arrows_animation=&#8221;no&#8221;][vc_column width=&#8221;1\/4&#8243; el_class=&#8221;text_center&#8221;]<div class=\"eltdf-image-with-text-holder eltdf-image-behavior-custom-link\">\n    <div class=\"eltdf-iwt-image\">\n        \t            <a itemprop=\"url\" href=\"\/intenzivni-tyden-s-nicole-contemporary\/\" target=\"_self\">\n                                    <img loading=\"lazy\" decoding=\"async\" width=\"570\" height=\"400\" src=\"https:\/\/harmonydance.cz\/wp-content\/uploads\/2024\/07\/Kopie-souboru-IMG_0214-scaled-1.jpg\" class=\"attachment-full size-full\" alt=\"\" srcset=\"https:\/\/harmonydance.cz\/wp-content\/uploads\/2024\/07\/Kopie-souboru-IMG_0214-scaled-1.jpg 570w, https:\/\/harmonydance.cz\/wp-content\/uploads\/2024\/07\/Kopie-souboru-IMG_0214-scaled-1-300x211.jpg 300w\" sizes=\"auto, (max-width: 570px) 100vw, 570px\" \/>                                <\/a>\n            <\/div>\n    <div class=\"eltdf-iwt-text-holder\">\n                    <h4 class=\"eltdf-iwt-title\" >Contemporary pro d\u011bti<\/h4>\n        \t\t            <p class=\"eltdf-iwt-text\" >8-12.7. 2024<\/p>\n            <\/div>\n<\/div>[vc_column_text]In these classes, Nicole will focus primarily on the experience of your own body.[\/vc_column_text]<a itemprop=\"url\" href=\"\/intenzivni-tyden-s-nicole-contemporary\/\" target=\"_self\" style=\"margin: 10px 0px 10px 0px\" class=\"eltdf-btn eltdf-btn-medium eltdf-btn-solid\"  >\n\t\t<span class=\"eltdf-btn-text\">\n\t\t<span class=\"eltdf-btn-text-inner\">\n\t\t\tZobrazit kurz\t\t<\/span>\n\t<\/span>\n<\/a>[\/vc_column][vc_column width=&#8221;1\/4&#8243; el_class=&#8221;text_center&#8221;]<div class=\"eltdf-image-with-text-holder eltdf-image-behavior-custom-link\">\n    <div class=\"eltdf-iwt-image\">\n        \t            <a itemprop=\"url\" href=\"\/intenzivni-tyden-s-monou-contemporary\/\" target=\"_self\">\n                                    <img loading=\"lazy\" decoding=\"async\" width=\"570\" height=\"400\" src=\"https:\/\/harmonydance.cz\/wp-content\/uploads\/2025\/08\/contempo_10_15.jpg\" class=\"attachment-full size-full\" alt=\"\" srcset=\"https:\/\/harmonydance.cz\/wp-content\/uploads\/2025\/08\/contempo_10_15.jpg 570w, https:\/\/harmonydance.cz\/wp-content\/uploads\/2025\/08\/contempo_10_15-300x211.jpg 300w\" sizes=\"auto, (max-width: 570px) 100vw, 570px\" \/>                                <\/a>\n            <\/div>\n    <div class=\"eltdf-iwt-text-holder\">\n                    <h4 class=\"eltdf-iwt-title\" >Kurzy contemporary dance<\/h4>\n        \t\t            <p class=\"eltdf-iwt-text\" >22-25.7. 2024<\/p>\n            <\/div>\n<\/div>[vc_column_text]With M\u00f3na, you can look forward to great choreography and improvisation.[\/vc_column_text]<a itemprop=\"url\" href=\"\/intenzivni-tyden-s-monou-contemporary\/\" target=\"_self\" style=\"margin: 10px 0px 10px 0px\" class=\"eltdf-btn eltdf-btn-medium eltdf-btn-solid\"  >\n\t\t<span class=\"eltdf-btn-text\">\n\t\t<span class=\"eltdf-btn-text-inner\">\n\t\t\tZobrazit kurz\t\t<\/span>\n\t<\/span>\n<\/a>[\/vc_column][vc_column width=&#8221;1\/4&#8243; el_class=&#8221;text_center&#8221;]<div class=\"eltdf-image-with-text-holder eltdf-image-behavior-custom-link\">\n    <div class=\"eltdf-iwt-image\">\n        \t            <a itemprop=\"url\" href=\"\/intenzivni-tyden-s-rozou-a-monou-street-dance-contemporary\/\" target=\"_self\">\n                                    <img loading=\"lazy\" decoding=\"async\" width=\"1080\" height=\"1080\" src=\"https:\/\/harmonydance.cz\/wp-content\/uploads\/2024\/06\/1080x1080roza-a-mona.png\" class=\"attachment-full size-full\" alt=\"\" srcset=\"https:\/\/harmonydance.cz\/wp-content\/uploads\/2024\/06\/1080x1080roza-a-mona.png 1080w, https:\/\/harmonydance.cz\/wp-content\/uploads\/2024\/06\/1080x1080roza-a-mona-300x300.png 300w, https:\/\/harmonydance.cz\/wp-content\/uploads\/2024\/06\/1080x1080roza-a-mona-1024x1024.png 1024w, https:\/\/harmonydance.cz\/wp-content\/uploads\/2024\/06\/1080x1080roza-a-mona-150x150.png 150w, https:\/\/harmonydance.cz\/wp-content\/uploads\/2024\/06\/1080x1080roza-a-mona-768x768.png 768w, https:\/\/harmonydance.cz\/wp-content\/uploads\/2024\/06\/1080x1080roza-a-mona-550x550.png 550w\" sizes=\"auto, (max-width: 1080px) 100vw, 1080px\" \/>                                <\/a>\n            <\/div>\n    <div class=\"eltdf-iwt-text-holder\">\n                    <h4 class=\"eltdf-iwt-title\" >Contemporary dance - Open class<\/h4>\n        \t\t            <p class=\"eltdf-iwt-text\" >28.7. -2.8. 2024<\/p>\n            <\/div>\n<\/div>[vc_column_text]R\u00f3za and M\u00f3na have decided to connect two dance worlds &#8211; Street Dance and Contemporary.[\/vc_column_text]<a itemprop=\"url\" href=\"\/intenzivni-tyden-s-rozou-a-monou-street-dance-contemporary\/\" target=\"_self\" style=\"margin: 10px 0px 10px 0px\" class=\"eltdf-btn eltdf-btn-medium eltdf-btn-solid\"  >\n\t\t<span class=\"eltdf-btn-text\">\n\t\t<span class=\"eltdf-btn-text-inner\">\n\t\t\tZobrazit kurz\t\t<\/span>\n\t<\/span>\n<\/a>[\/vc_column][vc_column width=&#8221;1\/4&#8243; el_class=&#8221;text_center&#8221;]<div class=\"eltdf-image-with-text-holder eltdf-image-behavior-custom-link\">\n    <div class=\"eltdf-iwt-image\">\n        \t            <a itemprop=\"url\" href=\"\/intenzivni-tyden-s-maruskou-contemporary-akrobacie\/\" target=\"_self\">\n                                    <img loading=\"lazy\" decoding=\"async\" width=\"1080\" height=\"1080\" src=\"https:\/\/harmonydance.cz\/wp-content\/uploads\/2024\/06\/1080x1080maruska.png\" class=\"attachment-full size-full\" alt=\"\" srcset=\"https:\/\/harmonydance.cz\/wp-content\/uploads\/2024\/06\/1080x1080maruska.png 1080w, https:\/\/harmonydance.cz\/wp-content\/uploads\/2024\/06\/1080x1080maruska-300x300.png 300w, https:\/\/harmonydance.cz\/wp-content\/uploads\/2024\/06\/1080x1080maruska-1024x1024.png 1024w, https:\/\/harmonydance.cz\/wp-content\/uploads\/2024\/06\/1080x1080maruska-150x150.png 150w, https:\/\/harmonydance.cz\/wp-content\/uploads\/2024\/06\/1080x1080maruska-768x768.png 768w, https:\/\/harmonydance.cz\/wp-content\/uploads\/2024\/06\/1080x1080maruska-550x550.png 550w\" sizes=\"auto, (max-width: 1080px) 100vw, 1080px\" \/>                                <\/a>\n            <\/div>\n    <div class=\"eltdf-iwt-text-holder\">\n                    <h4 class=\"eltdf-iwt-title\" >Contemporary Dance - individu\u00e1ln\u011b<\/h4>\n        \t\t            <p class=\"eltdf-iwt-text\" >26-30.8. 2024<\/p>\n            <\/div>\n<\/div>[vc_column_text]With Maru\u0161ka, you can look forward to choreography in the contemporary dance style, and more.[\/vc_column_text]<a itemprop=\"url\" href=\"\/intenzivni-tyden-s-maruskou-contemporary-akrobacie\/\" target=\"_self\" style=\"margin: 10px 0px 10px 0px\" class=\"eltdf-btn eltdf-btn-medium eltdf-btn-solid\"  >\n\t\t<span class=\"eltdf-btn-text\">\n\t\t<span class=\"eltdf-btn-text-inner\">\n\t\t\tZobrazit kurz\t\t<\/span>\n\t<\/span>\n<\/a>[\/vc_column][\/vc_row][vc_row row_content_width=&#8221;grid&#8221; enable_arrows_animation=&#8221;no&#8221; content_text_aligment=&#8221;left&#8221; css=&#8221;.vc_custom_1490185577357{padding-top: 120px !important;padding-bottom: 120px !important;}&#8221;][vc_column]<div class=\"eltdf-elements-holder eltdf-two-columns eltdf-responsive-mode-768\" ><div class=\"eltdf-eh-item  eltdf-horizontal-alignment-center\"  data-item-class=\"eltdf-eh-custom-496624\">\n\t<div class=\"eltdf-eh-item-inner\">\n\t\t<div class=\"eltdf-eh-item-content eltdf-eh-custom-496624\" style=\"padding: 0 0 0 0\">\n\t\t\t[vc_single_image image=&#8221;11508&#8243; img_size=&#8221;full&#8221; alignment=&#8221;center&#8221;]\t\t<\/div>\n\t<\/div>\n<\/div><div class=\"eltdf-eh-item \"  data-item-class=\"eltdf-eh-custom-292525\" data-1280-1600=\"0 9% 3% 5%\" data-1024-1280=\"0 9% 3% 5%\" data-768-1024=\"0 0% 3% 5%\" data-600-768=\"0 0 0 0\" data-480-600=\"0 5% 30% 0%\" data-480=\"0 5% 30% 0%\">\n\t<div class=\"eltdf-eh-item-inner\">\n\t\t<div class=\"eltdf-eh-item-content eltdf-eh-custom-292525\" style=\"padding: 0 9% 3% 3%\">\n\t\t\t[vc_column_text]<\/p>\n<h3><b>Where are we located and how to get to us?<\/b><\/h3>\n<p>[\/vc_column_text][vc_empty_space height=&#8221;10px&#8221;][vc_column_text]<\/p>\n<ul>\n<li style=\"font-weight: 400;\" aria-level=\"1\"><span style=\"font-weight: 400;\">You can find the Harmony Dance studio in the center of Prague, directly opposite the Main Train Station.<\/span><\/li>\n<li style=\"font-weight: 400;\" aria-level=\"1\"><span style=\"font-weight: 400;\">Address: Opletalova 27, Prague 1, 110 00<\/span><\/li>\n<li style=\"font-weight: 400;\" aria-level=\"1\"><span style=\"font-weight: 400;\">Directions: The dance studio is in the courtyard, from the main street go through the passage for cars, through the barrier to the parking lot, where you go up the stairs immediately to the right (there is barrier-free access) around the flower bed immediately to the left again and we will be waiting for you there. <\/span><\/li>\n<li style=\"font-weight: 400;\" aria-level=\"1\"><span style=\"font-weight: 400;\">Accessibility by car: you can park in the Main Train Station parking lot (fee charged), or stop in the purple zone (fee charged) <\/span><\/li>\n<li style=\"font-weight: 400;\" aria-level=\"1\"><span style=\"font-weight: 400;\">Public transport accessibility: Metro C &#8211; Hlavn\u00ed n\u00e1dra\u017e\u00ed station, Tram no. 24, 14, 9, 6, 5, 3 &#8211; Jind\u0159i\u0161sk\u00e1 station (or Hlavn\u00ed n\u00e1dra\u017e\u00ed) <\/span><\/li>\n<\/ul>\n<p>[\/vc_column_text]\t\t<\/div>\n\t<\/div>\n<\/div><\/div>[\/vc_column][\/vc_row][vc_row row_content_width=&#8221;grid&#8221; enable_arrows_animation=&#8221;no&#8221; content_text_aligment=&#8221;left&#8221; css=&#8221;.vc_custom_1717973585611{background-color: #ffffff !important;}&#8221; simple_background_color=&#8221;#ffffff&#8221;][vc_column]<div class=\"eltdf-elements-holder eltdf-two-columns eltdf-responsive-mode-768\" ><div class=\"eltdf-eh-item \"  data-item-class=\"eltdf-eh-custom-264526\" data-1280-1600=\"0 5% 0 16%\" data-1024-1280=\"0 5% 4% 16%\" data-768-1024=\"0 5% 4% 0%\" data-600-768=\"0 0% 6% 0%\" data-480-600=\"0 0% 12% 1%\" data-480=\"0 0% 12% 1%\">\n\t<div class=\"eltdf-eh-item-inner\">\n\t\t<div class=\"eltdf-eh-item-content eltdf-eh-custom-264526\" style=\"padding: 0 3% 0 15%\">\n\t\t\t[vc_column_text]<\/p>\n<h3><b>Who are we?<\/b><\/h3>\n<p>[\/vc_column_text][vc_empty_space height=&#8221;10px&#8221;][vc_column_text]The studio was founded with this idea in mind, where harmony, relaxation, a friendly environment, and psychological well-being are the basis of our dance lessons.<br \/>\nWe greatly value these qualities, which create great dancers and authentic expression through dance. Everyone is unique and has their own distinctive dance expression and charm. We want everyone to find themselves in dance with us and be able to express their individual style without unnecessary pressure, to which we are often exposed in everyday life. We know that creativity and joy arise from a relaxed and safe environment, which are the basic elements for dance as such.[\/vc_column_text]\t\t<\/div>\n\t<\/div>\n<\/div><div class=\"eltdf-eh-item  eltdf-horizontal-alignment-center\"  data-item-class=\"eltdf-eh-custom-916859\">\n\t<div class=\"eltdf-eh-item-inner\">\n\t\t<div class=\"eltdf-eh-item-content eltdf-eh-custom-916859\" style=\"padding: 0 0 0 0\">\n\t\t\t[vc_single_image image=&#8221;11509&#8243; img_size=&#8221;full&#8221; alignment=&#8221;center&#8221;]\t\t<\/div>\n\t<\/div>\n<\/div><\/div>[\/vc_column][\/vc_row][vc_row enable_arrows_animation=&#8221;no&#8221; content_text_aligment=&#8221;right&#8221; css=&#8221;.vc_custom_1717973594594{padding-top: 20px !important;background-color: #ffffff !important;}&#8221; simple_background_color=&#8221;#ffffff&#8221;][vc_column]<div class=\"eltdf-elements-holder eltdf-two-columns eltdf-responsive-mode-768\" ><div class=\"eltdf-eh-item  eltdf-horizontal-alignment-right\"  data-item-class=\"eltdf-eh-custom-442613\" data-1280-1600=\"0 5% 0 16%\" data-1024-1280=\"0 5% 4% 16%\" data-768-1024=\"0 5% 4% 0%\" data-600-768=\"0 0% 6% 0%\" data-480-600=\"0 0% 12% 1%\" data-480=\"0 0% 12% 1%\">\n\t<div class=\"eltdf-eh-item-inner\">\n\t\t<div class=\"eltdf-eh-item-content eltdf-eh-custom-442613\" style=\"padding: 0 3% 0 15%\">\n\t\t\t[vc_column_text]<\/p>\n<h2 style=\"text-align: center;\"><b>What our clients say about us<\/b><\/h2>\n<p>[\/vc_column_text]\t\t<\/div>\n\t<\/div>\n<\/div><\/div>[\/vc_column][\/vc_row][vc_row gap=&#8221;10&#8243; equal_height=&#8221;yes&#8221; row_content_width=&#8221;grid&#8221; enable_arrows_animation=&#8221;no&#8221; content_text_aligment=&#8221;right&#8221; css=&#8221;.vc_custom_1718104520054{padding-top: 20px !important;padding-bottom: 120px !important;background-color: #ffffff !important;}&#8221; simple_background_color=&#8221;#ffffff&#8221;][vc_column width=&#8221;1\/2&#8243; css=&#8221;.vc_custom_1686864745195{padding-top: 20px !important;}&#8221;][vc_video link=&#8221;https:\/\/www.youtube.com\/watch?v=LhkoJgSZSwE&#8221;][\/vc_column][vc_column width=&#8221;1\/2&#8243;][vc_video link=&#8221;https:\/\/www.youtube.com\/watch?v=pSIWJ9uS7zA&#8221;][\/vc_column][\/vc_row]<\/p>\n<\/div>","protected":false},"excerpt":{"rendered":"<p>[vc_row enable_arrows_animation=&#8221;no&#8221; parallax_background_image=&#8221;7800&#8243; css=&#8221;.vc_custom_1718099946236{padding-top: 75px !important;padding-bottom: 75px !important;background-image: url(https:\/\/harmonydance.cz\/wp-content\/uploads\/2024\/06\/UVODKA-FB.jpg?id=10304) !important;background-position: center !important;background-repeat: no-repeat !important;background-size: contain !important;}&#8221;][vc_column][\/vc_column][\/vc_row][vc_row enable_arrows_animation=&#8221;no&#8221; css=&#8221;.vc_custom_1718100037971{padding-top: 30px !important;padding-bottom: 30px !important;}&#8221;][vc_column][\/vc_column][\/vc_row][vc_row gap=&#8221;10&#8243; equal_height=&#8221;yes&#8221; row_content_width=&#8221;grid&#8221; enable_arrows_animation=&#8221;no&#8221;][vc_column width=&#8221;1\/4&#8243; el_class=&#8221;text_center&#8221;][vc_column_text]In these classes, Nicole will focus primarily on the experience of your own body.[\/vc_column_text][\/vc_column][vc_column width=&#8221;1\/4&#8243; el_class=&#8221;text_center&#8221;][vc_column_text]With M\u00f3na, you can look forward to great choreography and improvisation.[\/vc_column_text][\/vc_column][vc_column width=&#8221;1\/4&#8243; el_class=&#8221;text_center&#8221;][vc_column_text]R\u00f3za and M\u00f3na have decided to connect two dance worlds &#8211; Street Dance and Contemporary.[\/vc_column_text][\/vc_column][vc_column width=&#8221;1\/4&#8243; el_class=&#8221;text_center&#8221;][vc_column_text]With Maru\u0161ka, you can look forward to choreography in the contemporary dance style, and more.[\/vc_column_text][\/vc_column][\/vc_row][vc_row row_content_width=&#8221;grid&#8221; enable_arrows_animation=&#8221;no&#8221; [&hellip;]<\/p>\n","protected":false},"author":1,"featured_media":0,"parent":0,"menu_order":0,"comment_status":"closed","ping_status":"closed","template":"full-width.php","meta":{"_EventAllDay":false,"_EventTimezone":"","_EventStartDate":"","_EventEndDate":"","_EventStartDateUTC":"","_EventEndDateUTC":"","_EventShowMap":false,"_EventShowMapLink":false,"_EventURL":"","_EventCost":"","_EventCostDescription":"","_EventCurrencySymbol":"","_EventCurrencyCode":"","_EventCurrencyPosition":"","_EventDateTimeSeparator":"","_EventTimeRangeSeparator":"","_EventOrganizerID":[],"_EventVenueID":[],"_OrganizerEmail":"","_OrganizerPhone":"","_OrganizerWebsite":"","_VenueAddress":"","_VenueCity":"","_VenueCountry":"","_VenueProvince":"","_VenueState":"","_VenueZip":"","_VenuePhone":"","_VenueURL":"","_VenueStateProvince":"","_VenueLat":"","_VenueLng":"","_VenueShowMap":false,"_VenueShowMapLink":false,"footnotes":""},"class_list":["post-11693","page","type-page","status-publish","hentry"],"yoast_head":"<!-- This site is optimized with the Yoast SEO plugin v27.5 - https:\/\/yoast.com\/product\/yoast-seo-wordpress\/ -->\n<title>Contemporary dance - Harmony Dance - Tane\u010dn\u00ed Studio Praha<\/title>\n<meta name=\"robots\" content=\"index, follow, max-snippet:-1, max-image-preview:large, max-video-preview:-1\" \/>\n<link rel=\"canonical\" href=\"https:\/\/harmonydance.cz\/en\/contemporary-dance\/\" \/>\n<meta property=\"og:locale\" content=\"en_US\" \/>\n<meta property=\"og:type\" content=\"article\" \/>\n<meta property=\"og:title\" content=\"Contemporary dance - Harmony Dance - Tane\u010dn\u00ed Studio Praha\" \/>\n<meta property=\"og:description\" content=\"[vc_row enable_arrows_animation=&#8221;no&#8221; parallax_background_image=&#8221;7800&#8243; css=&#8221;.vc_custom_1718099946236{padding-top: 75px !important;padding-bottom: 75px !important;background-image: url(https:\/\/harmonydance.cz\/wp-content\/uploads\/2024\/06\/UVODKA-FB.jpg?id=10304) !important;background-position: center !important;background-repeat: no-repeat !important;background-size: contain !important;}&#8221;][vc_column][\/vc_column][\/vc_row][vc_row enable_arrows_animation=&#8221;no&#8221; css=&#8221;.vc_custom_1718100037971{padding-top: 30px !important;padding-bottom: 30px !important;}&#8221;][vc_column][\/vc_column][\/vc_row][vc_row gap=&#8221;10&#8243; equal_height=&#8221;yes&#8221; row_content_width=&#8221;grid&#8221; enable_arrows_animation=&#8221;no&#8221;][vc_column width=&#8221;1\/4&#8243; el_class=&#8221;text_center&#8221;][vc_column_text]In these classes, Nicole will focus primarily on the experience of your own body.[\/vc_column_text][\/vc_column][vc_column width=&#8221;1\/4&#8243; el_class=&#8221;text_center&#8221;][vc_column_text]With M\u00f3na, you can look forward to great choreography and improvisation.[\/vc_column_text][\/vc_column][vc_column width=&#8221;1\/4&#8243; el_class=&#8221;text_center&#8221;][vc_column_text]R\u00f3za and M\u00f3na have decided to connect two dance worlds &#8211; Street Dance and Contemporary.[\/vc_column_text][\/vc_column][vc_column width=&#8221;1\/4&#8243; el_class=&#8221;text_center&#8221;][vc_column_text]With Maru\u0161ka, you can look forward to choreography in the contemporary dance style, and more.[\/vc_column_text][\/vc_column][\/vc_row][vc_row row_content_width=&#8221;grid&#8221; enable_arrows_animation=&#8221;no&#8221; [&hellip;]\" \/>\n<meta property=\"og:url\" content=\"https:\/\/harmonydance.cz\/en\/contemporary-dance\/\" \/>\n<meta property=\"og:site_name\" content=\"Harmony Dance - Tane\u010dn\u00ed Studio Praha\" \/>\n<meta property=\"article:modified_time\" content=\"2026-02-12T21:36:46+00:00\" \/>\n<meta property=\"og:image\" content=\"https:\/\/harmonydance.cz\/wp-content\/uploads\/2024\/06\/1080x1080-300x300.png\" \/>\n<meta name=\"twitter:card\" content=\"summary_large_image\" \/>\n<meta name=\"twitter:label1\" content=\"Est. reading time\" \/>\n\t<meta name=\"twitter:data1\" content=\"5 minutes\" \/>\n<script type=\"application\/ld+json\" class=\"yoast-schema-graph\">{\"@context\":\"https:\\\/\\\/schema.org\",\"@graph\":[{\"@type\":\"WebPage\",\"@id\":\"https:\\\/\\\/harmonydance.cz\\\/en\\\/contemporary-dance\\\/\",\"url\":\"https:\\\/\\\/harmonydance.cz\\\/en\\\/contemporary-dance\\\/\",\"name\":\"Contemporary dance - Harmony Dance - Tane\u010dn\u00ed Studio Praha\",\"isPartOf\":{\"@id\":\"https:\\\/\\\/harmonydance.cz\\\/en\\\/#website\"},\"datePublished\":\"2024-07-23T20:57:13+00:00\",\"dateModified\":\"2026-02-12T21:36:46+00:00\",\"breadcrumb\":{\"@id\":\"https:\\\/\\\/harmonydance.cz\\\/en\\\/contemporary-dance\\\/#breadcrumb\"},\"inLanguage\":\"en-US\",\"potentialAction\":[{\"@type\":\"ReadAction\",\"target\":[\"https:\\\/\\\/harmonydance.cz\\\/en\\\/contemporary-dance\\\/\"]}]},{\"@type\":\"BreadcrumbList\",\"@id\":\"https:\\\/\\\/harmonydance.cz\\\/en\\\/contemporary-dance\\\/#breadcrumb\",\"itemListElement\":[{\"@type\":\"ListItem\",\"position\":1,\"name\":\"Dom\u016f\",\"item\":\"https:\\\/\\\/harmonydance.cz\\\/en\\\/dance-studio\\\/\"},{\"@type\":\"ListItem\",\"position\":2,\"name\":\"Contemporary dance\"}]},{\"@type\":\"WebSite\",\"@id\":\"https:\\\/\\\/harmonydance.cz\\\/en\\\/#website\",\"url\":\"https:\\\/\\\/harmonydance.cz\\\/en\\\/\",\"name\":\"Harmony dance\",\"description\":\"\",\"potentialAction\":[{\"@type\":\"SearchAction\",\"target\":{\"@type\":\"EntryPoint\",\"urlTemplate\":\"https:\\\/\\\/harmonydance.cz\\\/en\\\/?s={search_term_string}\"},\"query-input\":{\"@type\":\"PropertyValueSpecification\",\"valueRequired\":true,\"valueName\":\"search_term_string\"}}],\"inLanguage\":\"en-US\"}]}<\/script>\n<!-- \/ Yoast SEO plugin. -->","yoast_head_json":{"title":"Contemporary dance - Harmony Dance - Tane\u010dn\u00ed Studio Praha","robots":{"index":"index","follow":"follow","max-snippet":"max-snippet:-1","max-image-preview":"max-image-preview:large","max-video-preview":"max-video-preview:-1"},"canonical":"https:\/\/harmonydance.cz\/en\/contemporary-dance\/","og_locale":"en_US","og_type":"article","og_title":"Contemporary dance - Harmony Dance - Tane\u010dn\u00ed Studio Praha","og_description":"[vc_row enable_arrows_animation=&#8221;no&#8221; parallax_background_image=&#8221;7800&#8243; css=&#8221;.vc_custom_1718099946236{padding-top: 75px !important;padding-bottom: 75px !important;background-image: url(https:\/\/harmonydance.cz\/wp-content\/uploads\/2024\/06\/UVODKA-FB.jpg?id=10304) !important;background-position: center !important;background-repeat: no-repeat !important;background-size: contain !important;}&#8221;][vc_column][\/vc_column][\/vc_row][vc_row enable_arrows_animation=&#8221;no&#8221; css=&#8221;.vc_custom_1718100037971{padding-top: 30px !important;padding-bottom: 30px !important;}&#8221;][vc_column][\/vc_column][\/vc_row][vc_row gap=&#8221;10&#8243; equal_height=&#8221;yes&#8221; row_content_width=&#8221;grid&#8221; enable_arrows_animation=&#8221;no&#8221;][vc_column width=&#8221;1\/4&#8243; el_class=&#8221;text_center&#8221;][vc_column_text]In these classes, Nicole will focus primarily on the experience of your own body.[\/vc_column_text][\/vc_column][vc_column width=&#8221;1\/4&#8243; el_class=&#8221;text_center&#8221;][vc_column_text]With M\u00f3na, you can look forward to great choreography and improvisation.[\/vc_column_text][\/vc_column][vc_column width=&#8221;1\/4&#8243; el_class=&#8221;text_center&#8221;][vc_column_text]R\u00f3za and M\u00f3na have decided to connect two dance worlds &#8211; Street Dance and Contemporary.[\/vc_column_text][\/vc_column][vc_column width=&#8221;1\/4&#8243; el_class=&#8221;text_center&#8221;][vc_column_text]With Maru\u0161ka, you can look forward to choreography in the contemporary dance style, and more.[\/vc_column_text][\/vc_column][\/vc_row][vc_row row_content_width=&#8221;grid&#8221; enable_arrows_animation=&#8221;no&#8221; [&hellip;]","og_url":"https:\/\/harmonydance.cz\/en\/contemporary-dance\/","og_site_name":"Harmony Dance - Tane\u010dn\u00ed Studio Praha","article_modified_time":"2026-02-12T21:36:46+00:00","og_image":[{"url":"https:\/\/harmonydance.cz\/wp-content\/uploads\/2024\/06\/1080x1080-300x300.png","type":"","width":"","height":""}],"twitter_card":"summary_large_image","twitter_misc":{"Est. reading time":"5 minutes"},"schema":{"@context":"https:\/\/schema.org","@graph":[{"@type":"WebPage","@id":"https:\/\/harmonydance.cz\/en\/contemporary-dance\/","url":"https:\/\/harmonydance.cz\/en\/contemporary-dance\/","name":"Contemporary dance - Harmony Dance - Tane\u010dn\u00ed Studio Praha","isPartOf":{"@id":"https:\/\/harmonydance.cz\/en\/#website"},"datePublished":"2024-07-23T20:57:13+00:00","dateModified":"2026-02-12T21:36:46+00:00","breadcrumb":{"@id":"https:\/\/harmonydance.cz\/en\/contemporary-dance\/#breadcrumb"},"inLanguage":"en-US","potentialAction":[{"@type":"ReadAction","target":["https:\/\/harmonydance.cz\/en\/contemporary-dance\/"]}]},{"@type":"BreadcrumbList","@id":"https:\/\/harmonydance.cz\/en\/contemporary-dance\/#breadcrumb","itemListElement":[{"@type":"ListItem","position":1,"name":"Dom\u016f","item":"https:\/\/harmonydance.cz\/en\/dance-studio\/"},{"@type":"ListItem","position":2,"name":"Contemporary dance"}]},{"@type":"WebSite","@id":"https:\/\/harmonydance.cz\/en\/#website","url":"https:\/\/harmonydance.cz\/en\/","name":"Harmony dance","description":"","potentialAction":[{"@type":"SearchAction","target":{"@type":"EntryPoint","urlTemplate":"https:\/\/harmonydance.cz\/en\/?s={search_term_string}"},"query-input":{"@type":"PropertyValueSpecification","valueRequired":true,"valueName":"search_term_string"}}],"inLanguage":"en-US"}]}},"_links":{"self":[{"href":"https:\/\/harmonydance.cz\/en\/wp-json\/wp\/v2\/pages\/11693","targetHints":{"allow":["GET"]}}],"collection":[{"href":"https:\/\/harmonydance.cz\/en\/wp-json\/wp\/v2\/pages"}],"about":[{"href":"https:\/\/harmonydance.cz\/en\/wp-json\/wp\/v2\/types\/page"}],"author":[{"embeddable":true,"href":"https:\/\/harmonydance.cz\/en\/wp-json\/wp\/v2\/users\/1"}],"replies":[{"embeddable":true,"href":"https:\/\/harmonydance.cz\/en\/wp-json\/wp\/v2\/comments?post=11693"}],"version-history":[{"count":6,"href":"https:\/\/harmonydance.cz\/en\/wp-json\/wp\/v2\/pages\/11693\/revisions"}],"predecessor-version":[{"id":11861,"href":"https:\/\/harmonydance.cz\/en\/wp-json\/wp\/v2\/pages\/11693\/revisions\/11861"}],"wp:attachment":[{"href":"https:\/\/harmonydance.cz\/en\/wp-json\/wp\/v2\/media?parent=11693"}],"curies":[{"name":"wp","href":"https:\/\/api.w.org\/{rel}","templated":true}]}}